{"id":5913,"date":"2023-02-10T21:02:35","date_gmt":"2023-02-11T03:02:35","guid":{"rendered":"https:\/\/cosefin.org\/?page_id=5913"},"modified":"2026-04-28T08:27:16","modified_gmt":"2026-04-28T14:27:16","slug":"dr-federico-rivera","status":"publish","type":"page","link":"https:\/\/cosefin.org\/en\/dr-federico-rivera\/","title":{"rendered":"Dr. Federico Rivera"},"content":{"rendered":"[vc_row type=&#8221;full_width_content&#8221; full_screen_row_position=&#8221;middle&#8221; column_margin=&#8221;default&#8221; column_direction=&#8221;default&#8221; column_direction_tablet=&#8221;column_reverse&#8221; column_direction_phone=&#8221;default&#8221; scene_position=&#8221;center&#8221; text_color=&#8221;dark&#8221; text_align=&#8221;left&#8221; row_border_radius=&#8221;none&#8221; row_border_radius_applies=&#8221;bg&#8221; overflow=&#8221;visible&#8221; overlay_strength=&#8221;0.3&#8243; gradient_direction=&#8221;left_to_right&#8221; shape_divider_position=&#8221;bottom&#8221; bg_image_animation=&#8221;none&#8221; gradient_type=&#8221;default&#8221; shape_type=&#8221;&#8221;][vc_column column_padding=&#8221;padding-5-percent&#8221; column_padding_tablet=&#8221;inherit&#8221; column_padding_phone=&#8221;inherit&#8221; column_padding_position=&#8221;all&#8221; column_element_direction_desktop=&#8221;default&#8221; column_element_spacing=&#8221;default&#8221; desktop_text_alignment=&#8221;default&#8221; tablet_text_alignment=&#8221;default&#8221; phone_text_alignment=&#8221;default&#8221; background_color_opacity=&#8221;1&#8243; background_hover_color_opacity=&#8221;1&#8243; column_backdrop_filter=&#8221;none&#8221; column_shadow=&#8221;none&#8221; column_border_radius=&#8221;none&#8221; column_link_target=&#8221;_self&#8221; column_position=&#8221;default&#8221; gradient_direction=&#8221;left_to_right&#8221; overlay_strength=&#8221;0.3&#8243; width=&#8221;1\/2&#8243; tablet_width_inherit=&#8221;default&#8221; animation_type=&#8221;default&#8221; bg_image_animation=&#8221;none&#8221; border_type=&#8221;simple&#8221; column_border_width=&#8221;none&#8221; column_border_style=&#8221;solid&#8221; column_padding_type=&#8221;default&#8221; gradient_type=&#8221;default&#8221;][divider line_type=&#8221;No Line&#8221; custom_height=&#8221;50&#8243;][split_line_heading animation_type=&#8221;line-reveal-by-space&#8221; font_style=&#8221;h3&#8243; line_reveal_by_space_text_effect=&#8221;default&#8221; stagger_animation=&#8221;true&#8221; content_alignment=&#8221;default&#8221; mobile_content_alignment=&#8221;inherit&#8221; link_target=&#8221;_self&#8221; text_content=&#8221;Executive Secretary&#8221;][\/split_line_heading][split_line_heading animation_type=&#8221;line-reveal-by-space&#8221; font_style=&#8221;h2&#8243; line_reveal_by_space_text_effect=&#8221;default&#8221; stagger_animation=&#8221;true&#8221; content_alignment=&#8221;default&#8221; mobile_content_alignment=&#8221;inherit&#8221; link_target=&#8221;_self&#8221; text_content=&#8221;Dr. Federico Rivera Romero&#8221; font_size=&#8221;34px&#8221;][\/split_line_heading][split_line_heading animation_type=&#8221;line-reveal-by-space&#8221; font_style=&#8221;p&#8221; line_reveal_by_space_text_effect=&#8221;none&#8221; content_alignment=&#8221;default&#8221; mobile_content_alignment=&#8221;inherit&#8221; link_target=&#8221;_self&#8221; text_content=&#8221;He holds a PhD in Government and Public Policy and a Master&#8217;s degree in Economic Theory with a focus on economic disciplines. He has extensive experience as a researcher and professor at renowned institutions such as the University of Costa Rica (UCR), the National University (UNA), and the University of Santander (UDES). His expertise encompasses teaching and research in general economics, public policy, international trade, and business management. He has worked as a consultant in macroeconomic analysis and public policy evaluation for organizations such as the FAO, the Ministry of Planning of Costa Rica, and the Central American Institute of Public Administration. He is also the founder and president of the LABPPIES Foundation, a public policy and economic intelligence laboratory. His academic work is complemented by numerous publications and books in the economic and political fields. Furthermore, he has a long track record as a macroeconomic and international economic analyst for various media outlets in countries such as Puerto Rico, Costa Rica, Mexico, and Peru.&#8221; font_size_tablet=&#8221;18&#8243; font_size_phone=&#8221;16&#8243; font_line_height=&#8221;32px&#8221;][\/split_line_heading][nectar_icon icon_family=&#8221;linea&#8221; icon_style=&#8221;default&#8221; icon_color_type=&#8221;color_scheme&#8221; icon_color=&#8221;black&#8221; icon_padding=&#8221;20px&#8221; pointer_events=&#8221;all&#8221; url=&#8221;https:\/\/cosefin.org\/en\/equipo-secosefin\/&#8221; icon_linea=&#8221;icon-arrows-slim-left&#8221;][\/vc_column][vc_column column_padding=&#8221;no-extra-padding&#8221; column_padding_tablet=&#8221;inherit&#8221; column_padding_phone=&#8221;inherit&#8221; column_padding_position=&#8221;all&#8221; column_element_direction_desktop=&#8221;default&#8221; column_element_spacing=&#8221;default&#8221; desktop_text_alignment=&#8221;default&#8221; tablet_text_alignment=&#8221;default&#8221; phone_text_alignment=&#8221;default&#8221; sticky_content=&#8221;true&#8221; sticky_content_functionality=&#8221;css&#8221; sticky_content_alignment=&#8221;middle&#8221; background_color_opacity=&#8221;1&#8243; background_hover_color_opacity=&#8221;1&#8243; column_backdrop_filter=&#8221;none&#8221; column_shadow=&#8221;none&#8221; column_border_radius=&#8221;none&#8221; column_link_target=&#8221;_self&#8221; column_position=&#8221;default&#8221; gradient_direction=&#8221;left_to_right&#8221; overlay_strength=&#8221;0.3&#8243; width=&#8221;1\/2&#8243; tablet_width_inherit=&#8221;default&#8221; animation_type=&#8221;default&#8221; bg_image_animation=&#8221;none&#8221; border_type=&#8221;simple&#8221; column_border_width=&#8221;none&#8221; column_border_style=&#8221;solid&#8221; column_padding_type=&#8221;default&#8221; gradient_type=&#8221;default&#8221;][image_with_animation image_url=&#8221;4868&#8243; image_size=&#8221;full&#8221; animation_type=&#8221;entrance&#8221; animation=&#8221;None&#8221; animation_movement_type=&#8221;transform_y&#8221; hover_animation=&#8221;none&#8221; alignment=&#8221;&#8221; border_radius=&#8221;none&#8221; box_shadow=&#8221;none&#8221; image_loading=&#8221;default&#8221; max_width=&#8221;100%&#8221; max_width_mobile=&#8221;default&#8221;][\/vc_column][\/vc_row]\n","protected":false},"excerpt":{"rendered":"<p>[vc_row type=&#8221;full_width_content&#8221; full_screen_row_position=&#8221;middle&#8221; column_margin=&#8221;default&#8221; column_direction=&#8221;default&#8221; column_direction_tablet=&#8221;column_reverse&#8221; column_direction_phone=&#8221;default&#8221; scene_position=&#8221;center&#8221; text_color=&#8221;dark&#8221; text_align=&#8221;left&#8221; row_border_radius=&#8221;none&#8221; row_border_radius_applies=&#8221;bg&#8221; overflow=&#8221;visible&#8221; overlay_strength=&#8221;0.3&#8243; gradient_direction=&#8221;left_to_right&#8221; shape_divider_position=&#8221;bottom&#8221; bg_image_animation=&#8221;none&#8221; gradient_type=&#8221;default&#8221; shape_type=&#8221;&#8221;][vc_column column_padding=&#8221;padding-5-percent&#8221; column_padding_tablet=&#8221;inherit&#8221; column_padding_phone=&#8221;inherit&#8221; column_padding_position=&#8221;all&#8221; column_element_direction_desktop=&#8221;default&#8221; column_element_spacing=&#8221;default&#8221; desktop_text_alignment=&#8221;default&#8221; tablet_text_alignment=&#8221;default&#8221; phone_text_alignment=&#8221;default&#8221; background_color_opacity=&#8221;1&#8243; background_hover_color_opacity=&#8221;1&#8243;&#8230;<\/p>\n","protected":false},"author":9,"featured_media":0,"parent":0,"menu_order":0,"comment_status":"closed","ping_status":"closed","template":"","meta":{"_acf_changed":false,"_eb_attr":"","inline_featured_image":false,"footnotes":""},"class_list":["post-5913","page","type-page","status-publish"],"acf":[],"yoast_head":"<!-- This site is optimized with the Yoast SEO plugin v27.4 - https:\/\/yoast.com\/product\/yoast-seo-wordpress\/ -->\n<title>Dr. Federico Rivera - COSEFIN<\/title>\n<meta name=\"robots\" content=\"index, follow, max-snippet:-1, max-image-preview:large, max-video-preview:-1\" \/>\n<link rel=\"canonical\" href=\"https:\/\/cosefin.org\/en\/dr-federico-rivera\/\" \/>\n<meta property=\"og:locale\" content=\"en_US\" \/>\n<meta property=\"og:type\" content=\"article\" \/>\n<meta property=\"og:title\" content=\"Dr. Federico Rivera - COSEFIN\" \/>\n<meta property=\"og:description\" content=\"[vc_row type=&#8221;full_width_content&#8221; full_screen_row_position=&#8221;middle&#8221; column_margin=&#8221;default&#8221; column_direction=&#8221;default&#8221; column_direction_tablet=&#8221;column_reverse&#8221; column_direction_phone=&#8221;default&#8221; scene_position=&#8221;center&#8221; text_color=&#8221;dark&#8221; text_align=&#8221;left&#8221; row_border_radius=&#8221;none&#8221; row_border_radius_applies=&#8221;bg&#8221; overflow=&#8221;visible&#8221; overlay_strength=&#8221;0.3&#8243; gradient_direction=&#8221;left_to_right&#8221; shape_divider_position=&#8221;bottom&#8221; bg_image_animation=&#8221;none&#8221; gradient_type=&#8221;default&#8221; shape_type=&#8221;&#8221;][vc_column column_padding=&#8221;padding-5-percent&#8221; column_padding_tablet=&#8221;inherit&#8221; column_padding_phone=&#8221;inherit&#8221; column_padding_position=&#8221;all&#8221; column_element_direction_desktop=&#8221;default&#8221; column_element_spacing=&#8221;default&#8221; desktop_text_alignment=&#8221;default&#8221; tablet_text_alignment=&#8221;default&#8221; phone_text_alignment=&#8221;default&#8221; background_color_opacity=&#8221;1&#8243; background_hover_color_opacity=&#8221;1&#8243;...\" \/>\n<meta property=\"og:url\" content=\"https:\/\/cosefin.org\/en\/dr-federico-rivera\/\" \/>\n<meta property=\"og:site_name\" content=\"COSEFIN\" \/>\n<meta property=\"article:publisher\" content=\"http:\/\/facebook.com\/secosefin\" \/>\n<meta property=\"article:modified_time\" content=\"2026-04-28T14:27:16+00:00\" \/>\n<meta name=\"twitter:card\" content=\"summary_large_image\" \/>\n<meta name=\"twitter:site\" content=\"@SECOSEFIN\" \/>\n<script type=\"application\/ld+json\" class=\"yoast-schema-graph\">{\"@context\":\"https:\\\/\\\/schema.org\",\"@graph\":[{\"@type\":\"WebPage\",\"@id\":\"https:\\\/\\\/cosefin.org\\\/en\\\/dr-federico-rivera\\\/\",\"url\":\"https:\\\/\\\/cosefin.org\\\/en\\\/dr-federico-rivera\\\/\",\"name\":\"Dr. Federico Rivera - COSEFIN\",\"isPartOf\":{\"@id\":\"https:\\\/\\\/cosefin.org\\\/en\\\/#website\"},\"datePublished\":\"2023-02-11T03:02:35+00:00\",\"dateModified\":\"2026-04-28T14:27:16+00:00\",\"breadcrumb\":{\"@id\":\"https:\\\/\\\/cosefin.org\\\/en\\\/dr-federico-rivera\\\/#breadcrumb\"},\"inLanguage\":\"en-US\",\"potentialAction\":[{\"@type\":\"ReadAction\",\"target\":[\"https:\\\/\\\/cosefin.org\\\/en\\\/dr-federico-rivera\\\/\"]}]},{\"@type\":\"BreadcrumbList\",\"@id\":\"https:\\\/\\\/cosefin.org\\\/en\\\/dr-federico-rivera\\\/#breadcrumb\",\"itemListElement\":[{\"@type\":\"ListItem\",\"position\":1,\"name\":\"Portada\",\"item\":\"https:\\\/\\\/cosefin.org\\\/en\\\/\"},{\"@type\":\"ListItem\",\"position\":2,\"name\":\"Dr. Federico Rivera\"}]},{\"@type\":\"WebSite\",\"@id\":\"https:\\\/\\\/cosefin.org\\\/en\\\/#website\",\"url\":\"https:\\\/\\\/cosefin.org\\\/en\\\/\",\"name\":\"COSEFIN\",\"description\":\"Consejo de Ministros de Hacienda o Finanzas de Centroam\u00e9rica, Panam\u00e1 y Rep\u00fablica Dominicana\",\"publisher\":{\"@id\":\"https:\\\/\\\/cosefin.org\\\/en\\\/#organization\"},\"alternateName\":\"SECOSEFIN\",\"potentialAction\":[{\"@type\":\"SearchAction\",\"target\":{\"@type\":\"EntryPoint\",\"urlTemplate\":\"https:\\\/\\\/cosefin.org\\\/en\\\/?s={search_term_string}\"},\"query-input\":{\"@type\":\"PropertyValueSpecification\",\"valueRequired\":true,\"valueName\":\"search_term_string\"}}],\"inLanguage\":\"en-US\"},{\"@type\":\"Organization\",\"@id\":\"https:\\\/\\\/cosefin.org\\\/en\\\/#organization\",\"name\":\"COSEFIN\",\"url\":\"https:\\\/\\\/cosefin.org\\\/en\\\/\",\"logo\":{\"@type\":\"ImageObject\",\"inLanguage\":\"en-US\",\"@id\":\"https:\\\/\\\/cosefin.org\\\/en\\\/#\\\/schema\\\/logo\\\/image\\\/\",\"url\":\"https:\\\/\\\/cosefin.org\\\/wp-content\\\/uploads\\\/2022\\\/11\\\/Favicon.svg\",\"contentUrl\":\"https:\\\/\\\/cosefin.org\\\/wp-content\\\/uploads\\\/2022\\\/11\\\/Favicon.svg\",\"width\":114,\"height\":114,\"caption\":\"COSEFIN\"},\"image\":{\"@id\":\"https:\\\/\\\/cosefin.org\\\/en\\\/#\\\/schema\\\/logo\\\/image\\\/\"},\"sameAs\":[\"http:\\\/\\\/facebook.com\\\/secosefin\",\"https:\\\/\\\/x.com\\\/SECOSEFIN\"]}]}<\/script>\n<!-- \/ Yoast SEO plugin. -->","yoast_head_json":{"title":"Dr. Federico Rivera - COSEFIN","robots":{"index":"index","follow":"follow","max-snippet":"max-snippet:-1","max-image-preview":"max-image-preview:large","max-video-preview":"max-video-preview:-1"},"canonical":"https:\/\/cosefin.org\/en\/dr-federico-rivera\/","og_locale":"en_US","og_type":"article","og_title":"Dr. Federico Rivera - COSEFIN","og_description":"[vc_row type=&#8221;full_width_content&#8221; full_screen_row_position=&#8221;middle&#8221; column_margin=&#8221;default&#8221; column_direction=&#8221;default&#8221; column_direction_tablet=&#8221;column_reverse&#8221; column_direction_phone=&#8221;default&#8221; scene_position=&#8221;center&#8221; text_color=&#8221;dark&#8221; text_align=&#8221;left&#8221; row_border_radius=&#8221;none&#8221; row_border_radius_applies=&#8221;bg&#8221; overflow=&#8221;visible&#8221; overlay_strength=&#8221;0.3&#8243; gradient_direction=&#8221;left_to_right&#8221; shape_divider_position=&#8221;bottom&#8221; bg_image_animation=&#8221;none&#8221; gradient_type=&#8221;default&#8221; shape_type=&#8221;&#8221;][vc_column column_padding=&#8221;padding-5-percent&#8221; column_padding_tablet=&#8221;inherit&#8221; column_padding_phone=&#8221;inherit&#8221; column_padding_position=&#8221;all&#8221; column_element_direction_desktop=&#8221;default&#8221; column_element_spacing=&#8221;default&#8221; desktop_text_alignment=&#8221;default&#8221; tablet_text_alignment=&#8221;default&#8221; phone_text_alignment=&#8221;default&#8221; background_color_opacity=&#8221;1&#8243; background_hover_color_opacity=&#8221;1&#8243;...","og_url":"https:\/\/cosefin.org\/en\/dr-federico-rivera\/","og_site_name":"COSEFIN","article_publisher":"http:\/\/facebook.com\/secosefin","article_modified_time":"2026-04-28T14:27:16+00:00","twitter_card":"summary_large_image","twitter_site":"@SECOSEFIN","schema":{"@context":"https:\/\/schema.org","@graph":[{"@type":"WebPage","@id":"https:\/\/cosefin.org\/en\/dr-federico-rivera\/","url":"https:\/\/cosefin.org\/en\/dr-federico-rivera\/","name":"Dr. Federico Rivera - COSEFIN","isPartOf":{"@id":"https:\/\/cosefin.org\/en\/#website"},"datePublished":"2023-02-11T03:02:35+00:00","dateModified":"2026-04-28T14:27:16+00:00","breadcrumb":{"@id":"https:\/\/cosefin.org\/en\/dr-federico-rivera\/#breadcrumb"},"inLanguage":"en-US","potentialAction":[{"@type":"ReadAction","target":["https:\/\/cosefin.org\/en\/dr-federico-rivera\/"]}]},{"@type":"BreadcrumbList","@id":"https:\/\/cosefin.org\/en\/dr-federico-rivera\/#breadcrumb","itemListElement":[{"@type":"ListItem","position":1,"name":"Portada","item":"https:\/\/cosefin.org\/en\/"},{"@type":"ListItem","position":2,"name":"Dr. Federico Rivera"}]},{"@type":"WebSite","@id":"https:\/\/cosefin.org\/en\/#website","url":"https:\/\/cosefin.org\/en\/","name":"COSEFIN","description":"Consejo de Ministros de Hacienda o Finanzas de Centroam\u00e9rica, Panam\u00e1 y Rep\u00fablica Dominicana","publisher":{"@id":"https:\/\/cosefin.org\/en\/#organization"},"alternateName":"SECOSEFIN","potentialAction":[{"@type":"SearchAction","target":{"@type":"EntryPoint","urlTemplate":"https:\/\/cosefin.org\/en\/?s={search_term_string}"},"query-input":{"@type":"PropertyValueSpecification","valueRequired":true,"valueName":"search_term_string"}}],"inLanguage":"en-US"},{"@type":"Organization","@id":"https:\/\/cosefin.org\/en\/#organization","name":"COSEFIN","url":"https:\/\/cosefin.org\/en\/","logo":{"@type":"ImageObject","inLanguage":"en-US","@id":"https:\/\/cosefin.org\/en\/#\/schema\/logo\/image\/","url":"https:\/\/cosefin.org\/wp-content\/uploads\/2022\/11\/Favicon.svg","contentUrl":"https:\/\/cosefin.org\/wp-content\/uploads\/2022\/11\/Favicon.svg","width":114,"height":114,"caption":"COSEFIN"},"image":{"@id":"https:\/\/cosefin.org\/en\/#\/schema\/logo\/image\/"},"sameAs":["http:\/\/facebook.com\/secosefin","https:\/\/x.com\/SECOSEFIN"]}]}},"_links":{"self":[{"href":"https:\/\/cosefin.org\/en\/wp-json\/wp\/v2\/pages\/5913","targetHints":{"allow":["GET"]}}],"collection":[{"href":"https:\/\/cosefin.org\/en\/wp-json\/wp\/v2\/pages"}],"about":[{"href":"https:\/\/cosefin.org\/en\/wp-json\/wp\/v2\/types\/page"}],"author":[{"embeddable":true,"href":"https:\/\/cosefin.org\/en\/wp-json\/wp\/v2\/users\/9"}],"replies":[{"embeddable":true,"href":"https:\/\/cosefin.org\/en\/wp-json\/wp\/v2\/comments?post=5913"}],"version-history":[{"count":2,"href":"https:\/\/cosefin.org\/en\/wp-json\/wp\/v2\/pages\/5913\/revisions"}],"predecessor-version":[{"id":5933,"href":"https:\/\/cosefin.org\/en\/wp-json\/wp\/v2\/pages\/5913\/revisions\/5933"}],"wp:attachment":[{"href":"https:\/\/cosefin.org\/en\/wp-json\/wp\/v2\/media?parent=5913"}],"curies":[{"name":"wp","href":"https:\/\/api.w.org\/{rel}","templated":true}]}}